{"id":2904,"date":"2023-07-25T12:20:00","date_gmt":"2023-07-25T09:20:00","guid":{"rendered":"https:\/\/schicker-automobile.ch\/?page_id=2904"},"modified":"2023-07-25T12:26:37","modified_gmt":"2023-07-25T09:26:37","slug":"impressum","status":"publish","type":"page","link":"https:\/\/schicker-automobile.ch\/?page_id=2904","title":{"rendered":"Impressum"},"content":{"rendered":"\t\t<div data-elementor-type=\"wp-page\" data-elementor-id=\"2904\" class=\"elementor elementor-2904\" data-elementor-post-type=\"page\">\n\t\t\t\t\t\t<section class=\"elementor-section elementor-top-section elementor-element elementor-element-3613068 elementor-section-boxed elementor-section-height-default elementor-section-height-default\" data-id=\"3613068\" data-element_type=\"section\">\n\t\t\t\t\t\t<div class=\"elementor-container elementor-column-gap-default\">\n\t\t\t\t\t<div class=\"elementor-column elementor-col-100 elementor-top-column elementor-element elementor-element-c949199\" data-id=\"c949199\" data-element_type=\"column\">\n\t\t\t<div class=\"elementor-widget-wrap elementor-element-populated\">\n\t\t\t\t\t\t<div class=\"elementor-element elementor-element-668bb83 elementor-widget elementor-widget-text-editor\" data-id=\"668bb83\" data-element_type=\"widget\" data-widget_type=\"text-editor.default\">\n\t\t\t\t<div class=\"elementor-widget-container\">\n\t\t\t<style>\/*! elementor - v3.22.0 - 17-06-2024 *\/\n.elementor-widget-text-editor.elementor-drop-cap-view-stacked .elementor-drop-cap{background-color:#69727d;color:#fff}.elementor-widget-text-editor.elementor-drop-cap-view-framed .elementor-drop-cap{color:#69727d;border:3px solid;background-color:transparent}.elementor-widget-text-editor:not(.elementor-drop-cap-view-default) .elementor-drop-cap{margin-top:8px}.elementor-widget-text-editor:not(.elementor-drop-cap-view-default) .elementor-drop-cap-letter{width:1em;height:1em}.elementor-widget-text-editor .elementor-drop-cap{float:left;text-align:center;line-height:1;font-size:50px}.elementor-widget-text-editor .elementor-drop-cap-letter{display:inline-block}<\/style>\t\t\t\t<h1>Impressum<\/h1><div><br><\/div>\n<p><\/p>\n<h2>Verantwortliche Instanz<\/h2>\n<p>EMDE Garage<br>Industriestrasse 3<br>6313 Menzingen<br>Schweiz<br>E-Mail: info@schicker-automobile.ch<\/p>\n<p><br><\/p>\n<h2>Vertretungsberechtigte Personen<\/h2>\n<p>Emirhan Yilmaz<\/p>\n<p><br><\/p>\n<h2>Name des Unternehmens<\/h2>\n<p>EMDE Garage<\/p>\n<p><br><\/p>\n<h2>Registrationsnummer<\/h2>\n<p>CHE-275.399.135<\/p>\n<p><br><\/p>\n<h2>Haftungsausschluss<\/h2>\n<p>Der Autor \u00fcbernimmt keine Gew\u00e4hr f\u00fcr die Richtigkeit, Genauigkeit, Aktualit\u00e4t, Zuverl\u00e4ssigkeit und Vollst\u00e4ndigkeit der Informationen.<br>Haftungsanspr\u00fcche gegen den Autor wegen Sch\u00e4den materieller oder immaterieller Art, die aus dem Zugriff oder der Nutzung bzw. Nichtnutzung der ver\u00f6ffentlichten Informationen, durch Missbrauch der Verbindung oder durch technische St\u00f6rungen entstanden sind, werden ausgeschlossen.<\/p>\n<p>Alle Angebote sind freibleibend. Der Autor beh\u00e4lt es sich ausdr\u00fccklich vor, Teile der Seiten oder das gesamte Angebot ohne gesonderte Ank\u00fcndigung zu ver\u00e4ndern, zu erg\u00e4nzen, zu l\u00f6schen oder die Ver\u00f6ffentlichung zeitweise oder endg\u00fcltig einzustellen.<\/p>\n<p><br><\/p>\n<h2>Haftungsausschluss f\u00fcr Inhalte und Links<\/h2>\n<p>Verweise und Links auf Webseiten Dritter liegen ausserhalb unseres Verantwortungsbereichs. Es wird jegliche Verantwortung f\u00fcr solche Webseiten abgelehnt. Der Zugriff und die Nutzung solcher Webseiten erfolgen auf eigene Gefahr des jeweiligen Nutzers.<\/p>\n<p><br><\/p>\n<h2>Urheberrechtserkl\u00e4rung<\/h2>\n<p>Die Urheber- und alle anderen Rechte an Inhalten, Bildern, Fotos oder anderen Dateien auf dieser Website, geh\u00f6ren EMDE Garage, Envato Elements oder den speziell genannten Rechteinhabern. F\u00fcr die Reproduktion jeglicher Elemente ist die schriftliche Zustimmung des Urheberrechtstr\u00e4gers im Voraus einzuholen.<\/p>\t\t\t\t\t\t<\/div>\n\t\t\t\t<\/div>\n\t\t\t\t\t<\/div>\n\t\t<\/div>\n\t\t\t\t\t<\/div>\n\t\t<\/section>\n\t\t\t\t<\/div>\n\t\t","protected":false},"excerpt":{"rendered":"<p>Impressum Verantwortliche Instanz EMDE GarageIndustriestrasse 36313 MenzingenSchweizE-Mail: info@schicker-automobile.ch Vertretungsberechtigte Personen Emirhan Yilmaz Name des Unternehmens EMDE Garage Registrationsnummer CHE-275.399.135 Haftungsausschluss Der Autor \u00fcbernimmt keine Gew\u00e4hr f\u00fcr die Richtigkeit, Genauigkeit, Aktualit\u00e4t, Zuverl\u00e4ssigkeit und Vollst\u00e4ndigkeit der Informationen.Haftungsanspr\u00fcche gegen den Autor wegen Sch\u00e4den materieller oder immaterieller Art, die aus dem Zugriff oder der Nutzung bzw. Nichtnutzung der ver\u00f6ffentlichten &hellip;<\/p>\n<p class=\"read-more\"> <a class=\"\" href=\"https:\/\/schicker-automobile.ch\/?page_id=2904\"> <span class=\"screen-reader-text\">Impressum<\/span> Weiterlesen &raquo;<\/a><\/p>\n","protected":false},"author":1,"featured_media":0,"parent":0,"menu_order":0,"comment_status":"closed","ping_status":"closed","template":"","meta":{"_uag_custom_page_level_css":"","site-sidebar-layout":"no-sidebar","site-content-layout":"page-builder","ast-global-header-display":"","ast-banner-title-visibility":"","ast-main-header-display":"","ast-hfb-above-header-display":"","ast-hfb-below-header-display":"","ast-hfb-mobile-header-display":"","site-post-title":"disabled","ast-breadcrumbs-content":"","ast-featured-img":"disabled","footer-sml-layout":"","theme-transparent-header-meta":"","adv-header-id-meta":"","stick-header-meta":"","header-above-stick-meta":"","header-main-stick-meta":"","header-below-stick-meta":"","_joinchat":[],"footnotes":""},"uagb_featured_image_src":{"full":false,"thumbnail":false,"medium":false,"medium_large":false,"large":false,"1536x1536":false,"2048x2048":false},"uagb_author_info":{"display_name":"emirhan-yilmaz19@hotmail.com","author_link":"https:\/\/schicker-automobile.ch\/?author=1"},"uagb_comment_info":0,"uagb_excerpt":"Impressum Verantwortliche Instanz EMDE GarageIndustriestrasse 36313 MenzingenSchweizE-Mail: info@schicker-automobile.ch Vertretungsberechtigte Personen Emirhan Yilmaz Name des Unternehmens EMDE Garage Registrationsnummer CHE-275.399.135 Haftungsausschluss Der Autor \u00fcbernimmt keine Gew\u00e4hr f\u00fcr die Richtigkeit, Genauigkeit, Aktualit\u00e4t, Zuverl\u00e4ssigkeit und Vollst\u00e4ndigkeit der Informationen.Haftungsanspr\u00fcche gegen den Autor wegen Sch\u00e4den materieller oder immaterieller Art, die aus dem Zugriff oder der Nutzung bzw. Nichtnutzung der ver\u00f6ffentlichten&hellip;","_links":{"self":[{"href":"https:\/\/schicker-automobile.ch\/index.php?rest_route=\/wp\/v2\/pages\/2904"}],"collection":[{"href":"https:\/\/schicker-automobile.ch\/index.php?rest_route=\/wp\/v2\/pages"}],"about":[{"href":"https:\/\/schicker-automobile.ch\/index.php?rest_route=\/wp\/v2\/types\/page"}],"author":[{"embeddable":true,"href":"https:\/\/schicker-automobile.ch\/index.php?rest_route=\/wp\/v2\/users\/1"}],"replies":[{"embeddable":true,"href":"https:\/\/schicker-automobile.ch\/index.php?rest_route=%2Fwp%2Fv2%2Fcomments&post=2904"}],"version-history":[{"count":16,"href":"https:\/\/schicker-automobile.ch\/index.php?rest_route=\/wp\/v2\/pages\/2904\/revisions"}],"predecessor-version":[{"id":2920,"href":"https:\/\/schicker-automobile.ch\/index.php?rest_route=\/wp\/v2\/pages\/2904\/revisions\/2920"}],"wp:attachment":[{"href":"https:\/\/schicker-automobile.ch\/index.php?rest_route=%2Fwp%2Fv2%2Fmedia&parent=2904"}],"curies":[{"name":"wp","href":"https:\/\/api.w.org\/{rel}","templated":true}]}}